{"id":5304,"date":"2020-10-08T13:35:06","date_gmt":"2020-10-08T13:35:06","guid":{"rendered":"https:\/\/quadriz.com\/offset-your-emissions\/"},"modified":"2026-03-10T11:26:02","modified_gmt":"2026-03-10T10:26:02","slug":"offset-your-emissions","status":"publish","type":"page","link":"https:\/\/quadriz.com\/es\/offset-your-emissions\/","title":{"rendered":"Compense Sus Emisiones"},"content":{"rendered":"\t\t<div data-elementor-type=\"wp-post\" data-elementor-id=\"5304\" class=\"elementor elementor-5304 elementor-2695\" data-elementor-post-type=\"page\">\n\t\t\t\t\t\t<section class=\"elementor-section elementor-top-section elementor-element elementor-element-a26e2f8 elementor-section-height-min-height elementor-section-full_width elementor-section-height-default elementor-section-items-middle\" data-id=\"a26e2f8\" data-element_type=\"section\" data-e-type=\"section\" data-settings=\"{&quot;background_background&quot;:&quot;classic&quot;}\">\n\t\t\t\t\t\t<div class=\"elementor-container elementor-column-gap-default\">\n\t\t\t\t\t<div class=\"elementor-column elementor-col-100 elementor-top-column elementor-element elementor-element-f809f83\" data-id=\"f809f83\" data-element_type=\"column\" data-e-type=\"column\">\n\t\t\t<div class=\"elementor-widget-wrap elementor-element-populated\">\n\t\t\t\t\t\t<div class=\"elementor-element elementor-element-f9e8168 elementor-widget__width-initial elementor-absolute elementor-widget elementor-widget-spacer\" data-id=\"f9e8168\" data-element_type=\"widget\" data-e-type=\"widget\" data-settings=\"{&quot;_position&quot;:&quot;absolute&quot;}\" data-widget_type=\"spacer.default\">\n\t\t\t\t\t\t\t<div class=\"elementor-spacer\">\n\t\t\t<div class=\"elementor-spacer-inner\"><\/div>\n\t\t<\/div>\n\t\t\t\t\t\t<\/div>\n\t\t\t\t<div class=\"elementor-element elementor-element-ff5c57c elementor-widget elementor-widget-heading\" data-id=\"ff5c57c\" data-element_type=\"widget\" data-e-type=\"widget\" data-widget_type=\"heading.default\">\n\t\t\t\t\t<h1 class=\"elementor-heading-title elementor-size-large\">Compense Sus Emisiones<\/h1>\t\t\t\t<\/div>\n\t\t\t\t<div class=\"elementor-element elementor-element-e2f8363 elementor-widget elementor-widget-text-editor\" data-id=\"e2f8363\" data-element_type=\"widget\" data-e-type=\"widget\" data-widget_type=\"text-editor.default\">\n\t\t\t\t\t\t\t\t\t<p class=\"Default\">La \u00fanica soluci\u00f3n viable para proteger y conservar los bosques nativos del Chaco paraguayo y su reserva de carbono terrestre es mediante la emisi\u00f3n de compensaciones de carbono de alta calidad.<\/p>\n\t\t\t\t\t\t\t\t<\/div>\n\t\t\t\t\t<\/div>\n\t\t<\/div>\n\t\t\t\t\t<\/div>\n\t\t<\/section>\n\t\t\t\t<section class=\"elementor-section elementor-top-section elementor-element elementor-element-45185c1 elementor-reverse-tablet elementor-section-full_width elementor-reverse-mobile elementor-section-height-default elementor-section-height-default\" data-id=\"45185c1\" data-element_type=\"section\" data-e-type=\"section\">\n\t\t\t\t\t\t<div class=\"elementor-container elementor-column-gap-custom\">\n\t\t\t\t\t<div class=\"elementor-column elementor-col-50 elementor-top-column elementor-element elementor-element-846e07c\" data-id=\"846e07c\" data-element_type=\"column\" data-e-type=\"column\">\n\t\t\t<div class=\"elementor-widget-wrap elementor-element-populated\">\n\t\t\t\t\t\t<div class=\"elementor-element elementor-element-8ad5291 elementor-widget elementor-widget-heading\" data-id=\"8ad5291\" data-element_type=\"widget\" data-e-type=\"widget\" data-widget_type=\"heading.default\">\n\t\t\t\t\t<h2 class=\"elementor-heading-title elementor-size-default\">Una oportunidad para invertir en Soluciones basadas en la Naturaleza<\/h2>\t\t\t\t<\/div>\n\t\t\t\t<div class=\"elementor-element elementor-element-8a15160 elementor-widget elementor-widget-text-editor\" data-id=\"8a15160\" data-element_type=\"widget\" data-e-type=\"widget\" data-widget_type=\"text-editor.default\">\n\t\t\t\t\t\t\t\t\t<div class=\"elementor-element elementor-element-8a15160 elementor-widget elementor-widget-text-editor\" data-id=\"8a15160\" data-element_type=\"widget\" data-widget_type=\"text-editor.default\">\n<p>Las compensaciones de carbono verificadas brindan a las empresas la oportunidad de invertir en Soluciones basadas en la Naturaleza, para compensar las inevitables emisiones de carbono provenientes de sus cadenas de fabricaci\u00f3n y suministro.<\/p>\n<p>Este tipo de inversi\u00f3n se conoce como finanzas del carbono y permite a los desarrolladores y administradores de proyectos, como Quadriz, financiar la protecci\u00f3n y conservaci\u00f3n de las tierras forestales nativas contra la deforestaci\u00f3n, e iniciar programas sociales para las comunidades locales y programas de monitoreo de la preservaci\u00f3n de la biodiversidad.<\/p>\n<\/div>\n\t\t\t\t\t\t\t\t<\/div>\n\t\t\t\t\t<\/div>\n\t\t<\/div>\n\t\t\t\t<div class=\"elementor-column elementor-col-50 elementor-top-column elementor-element elementor-element-b49b2d9 min-height\" data-id=\"b49b2d9\" data-element_type=\"column\" data-e-type=\"column\" data-settings=\"{&quot;background_background&quot;:&quot;classic&quot;}\">\n\t\t\t<div class=\"elementor-widget-wrap\">\n\t\t\t\t\t\t\t<\/div>\n\t\t<\/div>\n\t\t\t\t\t<\/div>\n\t\t<\/section>\n\t\t\t\t<section class=\"elementor-section elementor-top-section elementor-element elementor-element-14facec elementor-reverse-tablet elementor-section-full_width elementor-section-height-default elementor-section-height-default\" data-id=\"14facec\" data-element_type=\"section\" data-e-type=\"section\" data-settings=\"{&quot;background_background&quot;:&quot;classic&quot;}\">\n\t\t\t\t\t\t<div class=\"elementor-container elementor-column-gap-custom\">\n\t\t\t\t\t<div class=\"elementor-column elementor-col-100 elementor-top-column elementor-element elementor-element-fd0e87a\" data-id=\"fd0e87a\" data-element_type=\"column\" data-e-type=\"column\" data-settings=\"{&quot;background_background&quot;:&quot;classic&quot;}\">\n\t\t\t<div class=\"elementor-widget-wrap elementor-element-populated\">\n\t\t\t\t\t\t<div class=\"elementor-element elementor-element-14c97dd elementor-widget elementor-widget-heading\" data-id=\"14c97dd\" data-element_type=\"widget\" data-e-type=\"widget\" data-widget_type=\"heading.default\">\n\t\t\t\t\t<h2 class=\"elementor-heading-title elementor-size-default\">Metodolog\u00eda REDD+<\/h2>\t\t\t\t<\/div>\n\t\t\t\t<div class=\"elementor-element elementor-element-438529e elementor-widget elementor-widget-text-editor\" data-id=\"438529e\" data-element_type=\"widget\" data-e-type=\"widget\" data-widget_type=\"text-editor.default\">\n\t\t\t\t\t\t\t\t\t<div class=\"elementor-element elementor-element-438529e elementor-widget elementor-widget-text-editor\" data-id=\"438529e\" data-element_type=\"widget\" data-widget_type=\"text-editor.default\">\n<p>Quadriz desarrolla todos los proyectos de conservaci\u00f3n de bosque basado en la metodolog\u00eda VM0007 Marco Metodol\u00f3gico para la Reducci\u00f3n de las Emisiones debidas a la Deforestaci\u00f3n y la Degradaci\u00f3n de los bosques (REDD+). Se certifican seg\u00fan el Verified Carbon Standard (VCS) y se verifican por auditores externos conocidos como Cuerpos de Validaci\u00f3n y Verificaci\u00f3n (VVB). Adem\u00e1s los proyectos se certifican bajo los Est\u00e1ndares Clima, Comunidad y Biodiversidad (CCB) con Beneficio Excepcional de Biodiversidad Nivel Oro.<\/p>\n<p>Las finanzas del carbono permiten a Quadriz escalar a\u00fan m\u00e1s en sus esfuerzos de conservaci\u00f3n REDD+, para reducir las emisiones de la deforestaci\u00f3n evitada y aliviar la presi\u00f3n sobre el h\u00e1bitat forestal nativo en la regi\u00f3n del Chaco Paraguayo y proteger los ecosistemas diversos y ecol\u00f3gicamente ricos del Chaco, para ayudar al planeta a mitigar el cambio clim\u00e1tico. Sin medidas de conservaci\u00f3n a gran escala, gran parte del bosque restante en el Chaco Paraguayo permanecer\u00e1 en riesgo significativo de explotaci\u00f3n.<\/p>\n<p>En primavera de 2023 el Proyecto de carbono REDD+ Coraz\u00f3n Verde del Chaco (<a href=\"https:\/\/registry.verra.org\/app\/projectDetail\/VCS\/2611\">VCS 2611<\/a>) fue validado y registrado por Verra bajo los estandares de VCS y CCB. En junio 2023 el primer periodo de monitoreo de 2020-2021 fue verificado para emitir los primeros cr\u00e9ditos de carbono (VCUs) de los vintages 2020 y 2021.<\/p>\n<p>Aparte de su propio cartera de proyectos de carbono REDD+, Quadriz tambi\u00e9n gestiona las finanzas del carbono, las ventas y el marketing de su empresa asociada Investancia Paraguay, un desarrollador y proponente de proyectos de carbono \u2018ARR\u2019 con el proyecto denominado \u2018Impact Reforestation in the Chaco Project\u2019 (<a href=\"https:\/\/registry.verra.org\/app\/projectDetail\/VCS\/2496\">VCS 2496<\/a>) que se acerca validaci\u00f3n.<\/p>\n<\/div>\n\t\t\t\t\t\t\t\t<\/div>\n\t\t\t\t\t<\/div>\n\t\t<\/div>\n\t\t\t\t\t<\/div>\n\t\t<\/section>\n\t\t\t\t<section class=\"elementor-section elementor-top-section elementor-element elementor-element-8a37ce6 elementor-section-full_width elementor-section-height-default elementor-section-height-default\" data-id=\"8a37ce6\" data-element_type=\"section\" data-e-type=\"section\">\n\t\t\t\t\t\t<div class=\"elementor-container elementor-column-gap-no\">\n\t\t\t\t\t<div class=\"elementor-column elementor-col-100 elementor-top-column elementor-element elementor-element-1a99134\" data-id=\"1a99134\" data-element_type=\"column\" data-e-type=\"column\">\n\t\t\t<div class=\"elementor-widget-wrap elementor-element-populated\">\n\t\t\t\t\t\t<div class=\"elementor-element elementor-element-4330db2 elementor-arrows-position-inside elementor-pagination-position-outside elementor-widget elementor-widget-image-carousel\" data-id=\"4330db2\" data-element_type=\"widget\" data-e-type=\"widget\" data-settings=\"{&quot;speed&quot;:1000,&quot;navigation&quot;:&quot;both&quot;,&quot;autoplay&quot;:&quot;yes&quot;,&quot;pause_on_hover&quot;:&quot;yes&quot;,&quot;pause_on_interaction&quot;:&quot;yes&quot;,&quot;autoplay_speed&quot;:5000,&quot;infinite&quot;:&quot;yes&quot;}\" data-widget_type=\"image-carousel.default\">\n\t\t\t\t\t\t\t<div class=\"elementor-image-carousel-wrapper swiper\" role=\"region\" aria-roledescription=\"carousel\" aria-label=\"Image Carousel\" dir=\"ltr\">\n\t\t\t<div class=\"elementor-image-carousel swiper-wrapper swiper-image-stretch\" aria-live=\"off\">\n\t\t\t\t\t\t\t\t<div class=\"swiper-slide\" role=\"group\" aria-roledescription=\"slide\" aria-label=\"1 de 5\"><figure class=\"swiper-slide-inner\"><img decoding=\"async\" class=\"swiper-slide-image\" src=\"https:\/\/quadriz.com\/wp-content\/uploads\/elementor\/thumbs\/R62_3188-scaled-e1702896567427-3-re7ebx1r5k3vvaq13q97xqa1gxp45njymmb7x5e01k.jpg\" alt=\"Why forests are a critical climate solution and how to protect them\" \/><\/figure><\/div><div class=\"swiper-slide\" role=\"group\" aria-roledescription=\"slide\" aria-label=\"2 de 5\"><figure class=\"swiper-slide-inner\"><img decoding=\"async\" class=\"swiper-slide-image\" src=\"https:\/\/quadriz.com\/wp-content\/uploads\/elementor\/thumbs\/DSC_6646_lt-3-re7eenqt35uzqcqo3ex1pjdfue6nlvfs06t7b7bnw8.jpg\" alt=\"forest_road\" \/><\/figure><\/div><div class=\"swiper-slide\" role=\"group\" aria-roledescription=\"slide\" aria-label=\"3 de 5\"><figure class=\"swiper-slide-inner\"><img decoding=\"async\" class=\"swiper-slide-image\" src=\"https:\/\/quadriz.com\/wp-content\/uploads\/elementor\/thumbs\/Fotografias-Corazon-Verde-Julio-2023-Sebastian-Sorera-63-scaled-2-rc17vx8bqso8ero2plqwzh76tn20su74f7erdhjzqw.jpg\" alt=\"Fotografias - Corazon Verde Julio 2023 - Sebastian Sorera-63\" \/><\/figure><\/div><div class=\"swiper-slide\" role=\"group\" aria-roledescription=\"slide\" aria-label=\"4 de 5\"><figure class=\"swiper-slide-inner\"><img decoding=\"async\" class=\"swiper-slide-image\" src=\"https:\/\/quadriz.com\/wp-content\/uploads\/elementor\/thumbs\/Fotografias-Corazon-Verde-Julio-2023-Sebastian-Sorera-59-scaled-2-rbi5t3wg53uvp62pfwllkmydeedbpqm5nf8ejkqfg8.jpg\" alt=\"Fotografias - Corazon Verde Julio 2023 - Sebastian Sorera-59\" \/><\/figure><\/div><div class=\"swiper-slide\" role=\"group\" aria-roledescription=\"slide\" aria-label=\"5 de 5\"><figure class=\"swiper-slide-inner\"><img decoding=\"async\" class=\"swiper-slide-image\" src=\"https:\/\/quadriz.com\/wp-content\/uploads\/elementor\/thumbs\/IMG_0396-scaled-2-rc17vz404gqt1zlcemk64gq40esr88el3gpqc1h7eg.jpg\" alt=\"IMG_0396\" \/><\/figure><\/div>\t\t\t<\/div>\n\t\t\t\t\t\t\t\t\t\t\t\t<div class=\"elementor-swiper-button elementor-swiper-button-prev\" role=\"button\" tabindex=\"0\">\n\t\t\t\t\t\t<svg aria-hidden=\"true\" class=\"e-font-icon-svg e-eicon-chevron-left\" viewBox=\"0 0 1000 1000\" xmlns=\"http:\/\/www.w3.org\/2000\/svg\"><path d=\"M646 125C629 125 613 133 604 142L308 442C296 454 292 471 292 487 292 504 296 521 308 533L604 854C617 867 629 875 646 875 663 875 679 871 692 858 704 846 713 829 713 812 713 796 708 779 692 767L438 487 692 225C700 217 708 204 708 187 708 171 704 154 692 142 675 129 663 125 646 125Z\"><\/path><\/svg>\t\t\t\t\t<\/div>\n\t\t\t\t\t<div class=\"elementor-swiper-button elementor-swiper-button-next\" role=\"button\" tabindex=\"0\">\n\t\t\t\t\t\t<svg aria-hidden=\"true\" class=\"e-font-icon-svg e-eicon-chevron-right\" viewBox=\"0 0 1000 1000\" xmlns=\"http:\/\/www.w3.org\/2000\/svg\"><path d=\"M696 533C708 521 713 504 713 487 713 471 708 454 696 446L400 146C388 133 375 125 354 125 338 125 325 129 313 142 300 154 292 171 292 187 292 204 296 221 308 233L563 492 304 771C292 783 288 800 288 817 288 833 296 850 308 863 321 871 338 875 354 875 371 875 388 867 400 854L696 533Z\"><\/path><\/svg>\t\t\t\t\t<\/div>\n\t\t\t\t\n\t\t\t\t\t\t\t\t\t<div class=\"swiper-pagination\"><\/div>\n\t\t\t\t\t\t\t\t\t<\/div>\n\t\t\t\t\t\t<\/div>\n\t\t\t\t\t<\/div>\n\t\t<\/div>\n\t\t\t\t\t<\/div>\n\t\t<\/section>\n\t\t\t\t<section class=\"elementor-section elementor-top-section elementor-element elementor-element-9ecd4eb elementor-reverse-tablet elementor-section-full_width elementor-reverse-mobile elementor-section-height-default elementor-section-height-default\" data-id=\"9ecd4eb\" data-element_type=\"section\" data-e-type=\"section\">\n\t\t\t\t\t\t<div class=\"elementor-container elementor-column-gap-custom\">\n\t\t\t\t\t<div class=\"elementor-column elementor-col-50 elementor-top-column elementor-element elementor-element-8bed2e2 min-height\" data-id=\"8bed2e2\" data-element_type=\"column\" data-e-type=\"column\" data-settings=\"{&quot;background_background&quot;:&quot;classic&quot;}\">\n\t\t\t<div class=\"elementor-widget-wrap\">\n\t\t\t\t\t\t\t<\/div>\n\t\t<\/div>\n\t\t\t\t<div class=\"elementor-column elementor-col-50 elementor-top-column elementor-element elementor-element-97a6581\" data-id=\"97a6581\" data-element_type=\"column\" data-e-type=\"column\">\n\t\t\t<div class=\"elementor-widget-wrap elementor-element-populated\">\n\t\t\t\t\t\t<div class=\"elementor-element elementor-element-de76ee4 elementor-widget elementor-widget-heading\" data-id=\"de76ee4\" data-element_type=\"widget\" data-e-type=\"widget\" data-widget_type=\"heading.default\">\n\t\t\t\t\t<h2 class=\"elementor-heading-title elementor-size-default\">Beneficios corporativos de compensar las emisiones mediante compensaciones de carbono<\/h2>\t\t\t\t<\/div>\n\t\t\t\t<div class=\"elementor-element elementor-element-16f0c39 elementor-widget elementor-widget-text-editor\" data-id=\"16f0c39\" data-element_type=\"widget\" data-e-type=\"widget\" data-widget_type=\"text-editor.default\">\n\t\t\t\t\t\t\t\t\t<p>Si bien contribuyen activamente a la conservaci\u00f3n de uno de los principales sumideros de carbono del mundo, las empresas tambi\u00e9n adquieren otros co-beneficios medibles que se alinean con el acuerdo de Par\u00eds y contribuyen a la mayor\u00eda de los 17 Objetivos de Desarrollo Sostenible (ODS) de la ONU. Los inversores se benefician de un aumento en la puntuaci\u00f3n de los criterios de Gobernanza Ambiental y Social (ESG por sus siglas en ingl\u00e9s), lo cual mejora la percepci\u00f3n de la marca a nivel local y mundial. Adem\u00e1s, la inversi\u00f3n en compensaciones de carbono de proyectos REDD + sostenibles, ayuda a atraer inversores responsables y aumenta la participaci\u00f3n de los empleados y las partes interesadas.<\/p>\n\t\t\t\t\t\t\t\t<\/div>\n\t\t\t\t\t<\/div>\n\t\t<\/div>\n\t\t\t\t\t<\/div>\n\t\t<\/section>\n\t\t\t\t<section class=\"elementor-section elementor-top-section elementor-element elementor-element-f849333 elementor-section-boxed elementor-section-height-default elementor-section-height-default\" data-id=\"f849333\" data-element_type=\"section\" data-e-type=\"section\" data-settings=\"{&quot;background_background&quot;:&quot;classic&quot;}\">\n\t\t\t\t\t\t\t<div class=\"elementor-background-overlay\"><\/div>\n\t\t\t\t\t\t\t<div class=\"elementor-container elementor-column-gap-default\">\n\t\t\t\t\t<div class=\"elementor-column elementor-col-100 elementor-top-column elementor-element elementor-element-5d9a67d\" data-id=\"5d9a67d\" data-element_type=\"column\" data-e-type=\"column\">\n\t\t\t<div class=\"elementor-widget-wrap elementor-element-populated\">\n\t\t\t\t\t\t<div class=\"elementor-element elementor-element-f51b8ff elementor-widget elementor-widget-heading\" data-id=\"f51b8ff\" data-element_type=\"widget\" data-e-type=\"widget\" data-widget_type=\"heading.default\">\n\t\t\t\t\t<h2 class=\"elementor-heading-title elementor-size-default\">Ponerse en contacto<\/h2>\t\t\t\t<\/div>\n\t\t\t\t<div class=\"elementor-element elementor-element-f637dbc elementor-widget elementor-widget-text-editor\" data-id=\"f637dbc\" data-element_type=\"widget\" data-e-type=\"widget\" data-widget_type=\"text-editor.default\">\n\t\t\t\t\t\t\t\t\t<p>Nuestro equipo comercial queda a su disposici\u00f3n para discutir sus necesidades de compensaciones de carbono. Puede solicitar m\u00e1s informaci\u00f3n sobre nuestros proyectos en el siguiente formulario.<\/p>\n\t\t\t\t\t\t\t\t<\/div>\n\t\t\t\t<div class=\"elementor-element elementor-element-d8bf1a7 elementor-button-align-start elementor-widget elementor-widget-form\" data-id=\"d8bf1a7\" data-element_type=\"widget\" data-e-type=\"widget\" data-settings=\"{&quot;step_next_label&quot;:&quot;Pr\\u00f3xima&quot;,&quot;step_previous_label&quot;:&quot;Previa&quot;,&quot;button_width&quot;:&quot;100&quot;,&quot;step_type&quot;:&quot;number_text&quot;,&quot;step_icon_shape&quot;:&quot;circle&quot;}\" data-widget_type=\"form.default\">\n\t\t\t\t\t\t\t<form class=\"elementor-form\" method=\"post\" name=\"Offest Your Emissions Contact\" aria-label=\"Offest Your Emissions Contact\">\n\t\t\t<input type=\"hidden\" name=\"post_id\" value=\"5304\"\/>\n\t\t\t<input type=\"hidden\" name=\"form_id\" value=\"d8bf1a7\"\/>\n\t\t\t<input type=\"hidden\" name=\"referer_title\" value=\"Compense Sus Emisiones | Conserva el Gran Chaco - quadriz.com\" \/>\n\n\t\t\t\t\t\t\t<input type=\"hidden\" name=\"queried_id\" value=\"5304\"\/>\n\t\t\t\n\t\t\t<div class=\"elementor-form-fields-wrapper elementor-labels-\">\n\t\t\t\t\t\t\t\t<div class=\"elementor-field-type-text elementor-field-group elementor-column elementor-field-group-name elementor-col-100\">\n\t\t\t\t\t\t\t\t\t\t\t\t<label for=\"form-field-name\" class=\"elementor-field-label elementor-screen-only\">\n\t\t\t\t\t\t\t\tName & Organization\t\t\t\t\t\t\t<\/label>\n\t\t\t\t\t\t\t\t\t\t\t\t\t\t<input size=\"1\" type=\"text\" name=\"form_fields[name]\" id=\"form-field-name\" class=\"elementor-field elementor-size-lg  elementor-field-textual\" placeholder=\"Nombre y Corporaci\u00f3n\">\n\t\t\t\t\t\t\t\t\t\t\t<\/div>\n\t\t\t\t\t\t\t\t<div class=\"elementor-field-type-email elementor-field-group elementor-column elementor-field-group-email elementor-col-100 elementor-field-required\">\n\t\t\t\t\t\t\t\t\t\t\t\t<label for=\"form-field-email\" class=\"elementor-field-label elementor-screen-only\">\n\t\t\t\t\t\t\t\tEmail adress\t\t\t\t\t\t\t<\/label>\n\t\t\t\t\t\t\t\t\t\t\t\t\t\t<input size=\"1\" type=\"email\" name=\"form_fields[email]\" id=\"form-field-email\" class=\"elementor-field elementor-size-lg  elementor-field-textual\" placeholder=\"example@email.com\" required=\"required\">\n\t\t\t\t\t\t\t\t\t\t\t<\/div>\n\t\t\t\t\t\t\t\t<div class=\"elementor-field-type-textarea elementor-field-group elementor-column elementor-field-group-message elementor-col-100\">\n\t\t\t\t\t\t\t\t\t\t\t\t<label for=\"form-field-message\" class=\"elementor-field-label elementor-screen-only\">\n\t\t\t\t\t\t\t\tMessage\t\t\t\t\t\t\t<\/label>\n\t\t\t\t\t\t<textarea class=\"elementor-field-textual elementor-field  elementor-size-lg\" name=\"form_fields[message]\" id=\"form-field-message\" rows=\"9\" placeholder=\"Mensaje\"><\/textarea>\t\t\t\t<\/div>\n\t\t\t\t\t\t\t\t<div class=\"elementor-field-type-html elementor-field-group elementor-column elementor-field-group-field_8aebdff elementor-col-100\">\n\t\t\t\t\tSubir archievo:\t\t\t\t<\/div>\n\t\t\t\t\t\t\t\t<div class=\"elementor-field-type-upload elementor-field-group elementor-column elementor-field-group-field_663c0b1 elementor-col-100\">\n\t\t\t\t\t\t\t\t\t\t\t\t<label for=\"form-field-field_663c0b1\" class=\"elementor-field-label elementor-screen-only\">\n\t\t\t\t\t\t\t\tAttach a file\t\t\t\t\t\t\t<\/label>\n\t\t\t\t\t\t\t\t<input type=\"file\" name=\"form_fields[field_663c0b1][]\" id=\"form-field-field_663c0b1\" class=\"elementor-field elementor-size-lg  elementor-upload-field\" multiple=\"multiple\">\n\n\t\t\t\t\t\t<\/div>\n\t\t\t\t\t\t\t\t<div class=\"elementor-field-group elementor-column elementor-field-type-submit elementor-col-100 e-form__buttons\">\n\t\t\t\t\t<button class=\"elementor-button elementor-size-lg\" type=\"submit\">\n\t\t\t\t\t\t<span class=\"elementor-button-content-wrapper\">\n\t\t\t\t\t\t\t\t\t\t\t\t\t\t\t\t\t\t\t\t\t\t<span class=\"elementor-button-text\">Enviar<\/span>\n\t\t\t\t\t\t\t\t\t\t\t\t\t<\/span>\n\t\t\t\t\t<\/button>\n\t\t\t\t<\/div>\n\t\t\t<\/div>\n\t\t<\/form>\n\t\t\t\t\t\t<\/div>\n\t\t\t\t\t<\/div>\n\t\t<\/div>\n\t\t\t\t\t<\/div>\n\t\t<\/section>\n\t\t\t\t<\/div>\n\t\t","protected":false},"excerpt":{"rendered":"<p>Compense Sus Emisiones La \u00fanica soluci\u00f3n viable para proteger y conservar los bosques nativos del Chaco paraguayo y su reserva de carbono terrestre es mediante la emisi\u00f3n de compensaciones de carbono de alta calidad. Una oportunidad para invertir en Soluciones basadas en la Naturaleza Las compensaciones de carbono verificadas brindan a las empresas la oportunidad [&hellip;]<\/p>\n","protected":false},"author":33,"featured_media":0,"parent":0,"menu_order":0,"comment_status":"closed","ping_status":"closed","template":"elementor_header_footer","meta":{"_acf_changed":false,"footnotes":""},"class_list":["post-5304","page","type-page","status-publish","hentry"],"acf":[],"_links":{"self":[{"href":"https:\/\/quadriz.com\/es\/wp-json\/wp\/v2\/pages\/5304","targetHints":{"allow":["GET"]}}],"collection":[{"href":"https:\/\/quadriz.com\/es\/wp-json\/wp\/v2\/pages"}],"about":[{"href":"https:\/\/quadriz.com\/es\/wp-json\/wp\/v2\/types\/page"}],"author":[{"embeddable":true,"href":"https:\/\/quadriz.com\/es\/wp-json\/wp\/v2\/users\/33"}],"replies":[{"embeddable":true,"href":"https:\/\/quadriz.com\/es\/wp-json\/wp\/v2\/comments?post=5304"}],"version-history":[{"count":13,"href":"https:\/\/quadriz.com\/es\/wp-json\/wp\/v2\/pages\/5304\/revisions"}],"predecessor-version":[{"id":12225,"href":"https:\/\/quadriz.com\/es\/wp-json\/wp\/v2\/pages\/5304\/revisions\/12225"}],"wp:attachment":[{"href":"https:\/\/quadriz.com\/es\/wp-json\/wp\/v2\/media?parent=5304"}],"curies":[{"name":"wp","href":"https:\/\/api.w.org\/{rel}","templated":true}]}}